{"id":6929,"date":"2021-07-12T16:24:51","date_gmt":"2021-07-12T19:24:51","guid":{"rendered":"https:\/\/v3.feliz7play.com\/pt\/e\/?page_id=6929"},"modified":"2023-08-23T08:03:23","modified_gmt":"2023-08-23T11:03:23","slug":"quem-somos","status":"publish","type":"page","link":"https:\/\/v3.feliz7play.com\/pt\/e\/quem-somos\/","title":{"rendered":"Quem somos"},"content":{"rendered":"\t\t<div data-elementor-type=\"wp-page\" data-elementor-id=\"6929\" class=\"elementor elementor-6929\" data-elementor-post-type=\"page\">\n\t\t\t\t\t\t<section class=\"elementor-section elementor-top-section elementor-element elementor-element-2893e743 elementor-section-height-full elementor-section-boxed elementor-section-height-default elementor-section-items-middle\" data-id=\"2893e743\" data-element_type=\"section\">\n\t\t\t\t\t\t<div class=\"elementor-container elementor-column-gap-default\">\n\t\t\t\t\t<div class=\"elementor-column elementor-col-100 elementor-top-column elementor-element elementor-element-3cd58f0b\" data-id=\"3cd58f0b\" data-element_type=\"column\">\n\t\t\t<div class=\"elementor-widget-wrap elementor-element-populated\">\n\t\t\t\t\t\t<div class=\"elementor-element elementor-element-6a4d5203 elementor-widget elementor-widget-heading\" data-id=\"6a4d5203\" data-element_type=\"widget\" data-widget_type=\"heading.default\">\n\t\t\t\t<div class=\"elementor-widget-container\">\n\t\t\t\t\t<h1 class=\"elementor-heading-title elementor-size-xl\">Quem somos<\/h1>\t\t\t\t<\/div>\n\t\t\t\t<\/div>\n\t\t\t\t<div class=\"elementor-element elementor-element-378f7672 elementor-widget elementor-widget-text-editor\" data-id=\"378f7672\" data-element_type=\"widget\" data-widget_type=\"text-editor.default\">\n\t\t\t\t<div class=\"elementor-widget-container\">\n\t\t\t\t\t\t\t\t\t<p><strong><span style=\"color: #ff9900;\">Feliz7Play<\/span>\u00a0<\/strong><strong>\u2013<\/strong>\u00a0Uma plataforma de streaming gratuito, com conte\u00fados crist\u00e3os e educativos, que oferece uma nova forma de entretenimento religioso.<\/p><p><em>* Uma iniciativa da Igreja Adventista do S\u00e9timo Dia.\u00a0<\/em><\/p><p><strong>Encontre a Igreja Adventista mais pr\u00f3xima de voc\u00ea<\/strong><br \/>Acesse:\u00a0<span style=\"color: #ff9900;\"><a style=\"color: #ff9900;\" href=\"http:\/\/www.encontreumaigreja.com.br\/\" target=\"_blank\" rel=\"noopener noreferrer\">encontreumaigreja.com.br<\/a><\/span><\/p><p><strong>Conhe\u00e7a tamb\u00e9m a TV e a R\u00e1dio Novo Tempo<\/strong><br \/>Acesse:\u00a0<span style=\"color: #ff9900;\"><a style=\"color: #ff9900;\" href=\"http:\/\/novotempo.com\/\" target=\"_blank\" rel=\"noopener noreferrer\">novotempo.com<\/a><\/span><\/p><p>Para conhecer mais, acesse:\u00a0<span style=\"color: #ff9900;\"><a style=\"color: #ff9900;\" href=\"http:\/\/adventistas.org\/\" target=\"_blank\" rel=\"noopener noreferrer\">adventistas.org<\/a><\/span><\/p>\t\t\t\t\t\t\t\t<\/div>\n\t\t\t\t<\/div>\n\t\t\t\t\t<\/div>\n\t\t<\/div>\n\t\t\t\t\t<\/div>\n\t\t<\/section>\n\t\t\t\t<\/div>\n\t\t","protected":false},"excerpt":{"rendered":"<p>Quem somos Feliz7Play\u00a0\u2013\u00a0Uma plataforma de streaming gratuito, com conte\u00fados crist\u00e3os e educativos, que oferece uma nova forma de entretenimento religioso. * Uma iniciativa da Igreja Adventista do S\u00e9timo Dia.\u00a0 Encontre a Igreja Adventista mais pr\u00f3xima de voc\u00eaAcesse:\u00a0encontreumaigreja.com.br Conhe\u00e7a tamb\u00e9m a TV e a R\u00e1dio Novo TempoAcesse:\u00a0novotempo.com Para conhecer mais, acesse:\u00a0adventistas.org<\/p>\n","protected":false},"author":1,"featured_media":0,"parent":0,"menu_order":0,"comment_status":"closed","ping_status":"closed","template":"","meta":{"inline_featured_image":false,"footnotes":""},"class_list":["post-6929","page","type-page","status-publish","hentry"],"acf":[],"_links":{"self":[{"href":"https:\/\/v3.feliz7play.com\/pt\/e\/wp-json\/wp\/v2\/pages\/6929","targetHints":{"allow":["GET"]}}],"collection":[{"href":"https:\/\/v3.feliz7play.com\/pt\/e\/wp-json\/wp\/v2\/pages"}],"about":[{"href":"https:\/\/v3.feliz7play.com\/pt\/e\/wp-json\/wp\/v2\/types\/page"}],"author":[{"embeddable":true,"href":"https:\/\/v3.feliz7play.com\/pt\/e\/wp-json\/wp\/v2\/users\/1"}],"replies":[{"embeddable":true,"href":"https:\/\/v3.feliz7play.com\/pt\/e\/wp-json\/wp\/v2\/comments?post=6929"}],"version-history":[{"count":6,"href":"https:\/\/v3.feliz7play.com\/pt\/e\/wp-json\/wp\/v2\/pages\/6929\/revisions"}],"predecessor-version":[{"id":9539,"href":"https:\/\/v3.feliz7play.com\/pt\/e\/wp-json\/wp\/v2\/pages\/6929\/revisions\/9539"}],"wp:attachment":[{"href":"https:\/\/v3.feliz7play.com\/pt\/e\/wp-json\/wp\/v2\/media?parent=6929"}],"curies":[{"name":"wp","href":"https:\/\/api.w.org\/{rel}","templated":true}]}}